{"id":12,"date":"2026-04-28T02:26:09","date_gmt":"2026-04-28T02:26:09","guid":{"rendered":"https:\/\/simposio.vetroluxtintas.com.br\/?page_id=12"},"modified":"2026-04-28T04:35:55","modified_gmt":"2026-04-28T04:35:55","slug":"home","status":"publish","type":"page","link":"https:\/\/simposio.vetroluxtintas.com.br\/","title":{"rendered":"Home"},"content":{"rendered":"\t\t<div data-elementor-type=\"wp-page\" data-elementor-id=\"12\" class=\"elementor elementor-12\" data-elementor-post-type=\"page\">\n\t\t\t\t<div class=\"elementor-element elementor-element-4b6a5bb e-flex e-con-boxed e-con e-parent\" data-id=\"4b6a5bb\" data-element_type=\"container\" data-e-type=\"container\" data-settings=\"{&quot;background_background&quot;:&quot;classic&quot;}\">\n\t\t\t\t\t<div class=\"e-con-inner\">\n\t\t<div class=\"elementor-element elementor-element-1452986 e-con-full e-flex e-con e-child\" data-id=\"1452986\" data-element_type=\"container\" data-e-type=\"container\">\n\t\t\t\t<div class=\"elementor-element elementor-element-ec931ff elementor-widget__width-initial elementor-widget elementor-widget-theme-site-logo elementor-widget-image\" data-id=\"ec931ff\" data-element_type=\"widget\" data-e-type=\"widget\" data-widget_type=\"theme-site-logo.default\">\n\t\t\t\t\t\t\t\t\t\t\t<a href=\"https:\/\/simposio.vetroluxtintas.com.br\">\n\t\t\t<img fetchpriority=\"high\" decoding=\"async\" width=\"1098\" height=\"432\" src=\"https:\/\/simposio.vetroluxtintas.com.br\/wp-content\/uploads\/2026\/04\/logo-home.png\" class=\"attachment-full size-full wp-image-26\" alt=\"\" srcset=\"https:\/\/simposio.vetroluxtintas.com.br\/wp-content\/uploads\/2026\/04\/logo-home.png 1098w, https:\/\/simposio.vetroluxtintas.com.br\/wp-content\/uploads\/2026\/04\/logo-home-300x118.png 300w, https:\/\/simposio.vetroluxtintas.com.br\/wp-content\/uploads\/2026\/04\/logo-home-1024x403.png 1024w, https:\/\/simposio.vetroluxtintas.com.br\/wp-content\/uploads\/2026\/04\/logo-home-768x302.png 768w\" sizes=\"(max-width: 1098px) 100vw, 1098px\" \/>\t\t\t\t<\/a>\n\t\t\t\t\t\t\t\t\t\t\t<\/div>\n\t\t\t\t<div class=\"elementor-element elementor-element-0b33ad0 elementor-widget elementor-widget-heading\" data-id=\"0b33ad0\" data-element_type=\"widget\" data-e-type=\"widget\" data-widget_type=\"heading.default\">\n\t\t\t\t\t<h1 class=\"elementor-heading-title elementor-size-default\">21 - MAIO - 2026<\/h1>\t\t\t\t<\/div>\n\t\t\t\t<div class=\"elementor-element elementor-element-176983a elementor-widget elementor-widget-heading\" data-id=\"176983a\" data-element_type=\"widget\" data-e-type=\"widget\" data-widget_type=\"heading.default\">\n\t\t\t\t\t<h2 class=\"elementor-heading-title elementor-size-default\">Hotel Intercity<br>\nPindamonhangaba - SP<\/h2>\t\t\t\t<\/div>\n\t\t\t\t<div class=\"elementor-element elementor-element-0967e87 elementor-invisible elementor-widget elementor-widget-button\" data-id=\"0967e87\" data-element_type=\"widget\" data-e-type=\"widget\" data-settings=\"{&quot;_animation&quot;:&quot;fadeInUp&quot;}\" data-widget_type=\"button.default\">\n\t\t\t\t\t\t\t\t\t\t<a class=\"elementor-button elementor-button-link elementor-size-sm\" href=\"https:\/\/simposio.vetroluxtintas.com.br\/?page_id=98\">\n\t\t\t\t\t\t<span class=\"elementor-button-content-wrapper\">\n\t\t\t\t\t\t\t\t\t<span class=\"elementor-button-text\">CONFIRME SUA PRESEN\u00c7A<\/span>\n\t\t\t\t\t<\/span>\n\t\t\t\t\t<\/a>\n\t\t\t\t\t\t\t\t<\/div>\n\t\t\t\t<\/div>\n\t\t\t\t\t<\/div>\n\t\t\t\t<\/div>\n\t\t<div class=\"elementor-element elementor-element-debb974 e-flex e-con-boxed e-con e-parent\" data-id=\"debb974\" data-element_type=\"container\" data-e-type=\"container\" data-settings=\"{&quot;background_background&quot;:&quot;classic&quot;}\">\n\t\t\t\t\t<div class=\"e-con-inner\">\n\t\t\t\t<div class=\"elementor-element elementor-element-2b6d47c elementor-widget elementor-widget-heading\" data-id=\"2b6d47c\" data-element_type=\"widget\" data-e-type=\"widget\" data-widget_type=\"heading.default\">\n\t\t\t\t\t<h2 class=\"elementor-heading-title elementor-size-default\">PROGRAMA\u00c7\u00c3O<\/h2>\t\t\t\t<\/div>\n\t\t<div class=\"elementor-element elementor-element-a87c4bb e-con-full e-flex e-con e-child\" data-id=\"a87c4bb\" data-element_type=\"container\" data-e-type=\"container\">\n\t\t\t\t<div class=\"elementor-element elementor-element-1688ece elementor-widget__width-initial elementor-widget-mobile__width-inherit elementor-widget elementor-widget-image\" data-id=\"1688ece\" data-element_type=\"widget\" data-e-type=\"widget\" data-widget_type=\"image.default\">\n\t\t\t\t\t\t\t\t\t\t\t\t\t\t\t<img decoding=\"async\" width=\"1548\" height=\"210\" src=\"https:\/\/simposio.vetroluxtintas.com.br\/wp-content\/uploads\/2026\/04\/botao-programacao.png\" class=\"attachment-full size-full wp-image-52\" alt=\"\" srcset=\"https:\/\/simposio.vetroluxtintas.com.br\/wp-content\/uploads\/2026\/04\/botao-programacao.png 1548w, https:\/\/simposio.vetroluxtintas.com.br\/wp-content\/uploads\/2026\/04\/botao-programacao-300x41.png 300w, https:\/\/simposio.vetroluxtintas.com.br\/wp-content\/uploads\/2026\/04\/botao-programacao-1024x139.png 1024w, https:\/\/simposio.vetroluxtintas.com.br\/wp-content\/uploads\/2026\/04\/botao-programacao-768x104.png 768w, https:\/\/simposio.vetroluxtintas.com.br\/wp-content\/uploads\/2026\/04\/botao-programacao-1536x208.png 1536w\" sizes=\"(max-width: 1548px) 100vw, 1548px\" \/>\t\t\t\t\t\t\t\t\t\t\t\t\t\t\t<\/div>\n\t\t\t\t<div class=\"elementor-element elementor-element-0313d39 elementor-widget__width-initial elementor-widget elementor-widget-theme-site-logo elementor-widget-image\" data-id=\"0313d39\" data-element_type=\"widget\" data-e-type=\"widget\" data-widget_type=\"theme-site-logo.default\">\n\t\t\t\t\t\t\t\t\t\t\t<a href=\"https:\/\/simposio.vetroluxtintas.com.br\">\n\t\t\t<img fetchpriority=\"high\" decoding=\"async\" width=\"1098\" height=\"432\" src=\"https:\/\/simposio.vetroluxtintas.com.br\/wp-content\/uploads\/2026\/04\/logo-home.png\" class=\"attachment-full size-full wp-image-26\" alt=\"\" srcset=\"https:\/\/simposio.vetroluxtintas.com.br\/wp-content\/uploads\/2026\/04\/logo-home.png 1098w, https:\/\/simposio.vetroluxtintas.com.br\/wp-content\/uploads\/2026\/04\/logo-home-300x118.png 300w, https:\/\/simposio.vetroluxtintas.com.br\/wp-content\/uploads\/2026\/04\/logo-home-1024x403.png 1024w, https:\/\/simposio.vetroluxtintas.com.br\/wp-content\/uploads\/2026\/04\/logo-home-768x302.png 768w\" sizes=\"(max-width: 1098px) 100vw, 1098px\" \/>\t\t\t\t<\/a>\n\t\t\t\t\t\t\t\t\t\t\t<\/div>\n\t\t\t\t<\/div>\n\t\t\t\t<div class=\"elementor-element elementor-element-dabc76a elementor-widget elementor-widget-spacer\" data-id=\"dabc76a\" data-element_type=\"widget\" data-e-type=\"widget\" data-widget_type=\"spacer.default\">\n\t\t\t\t\t\t\t<div class=\"elementor-spacer\">\n\t\t\t<div class=\"elementor-spacer-inner\"><\/div>\n\t\t<\/div>\n\t\t\t\t\t\t<\/div>\n\t\t\t\t\t<\/div>\n\t\t\t\t<\/div>\n\t\t<div class=\"elementor-element elementor-element-af07ba2 e-flex e-con-boxed e-con e-parent\" data-id=\"af07ba2\" data-element_type=\"container\" data-e-type=\"container\" data-settings=\"{&quot;background_background&quot;:&quot;classic&quot;}\">\n\t\t\t\t\t<div class=\"e-con-inner\">\n\t\t\t\t<div class=\"elementor-element elementor-element-1fdf54a elementor-widget elementor-widget-heading\" data-id=\"1fdf54a\" data-element_type=\"widget\" data-e-type=\"widget\" data-widget_type=\"heading.default\">\n\t\t\t\t\t<h2 class=\"elementor-heading-title elementor-size-default\">GALERIA DE FOTOS<\/h2>\t\t\t\t<\/div>\n\t\t<div class=\"elementor-element elementor-element-b923de6 e-con-full e-flex e-con e-child\" data-id=\"b923de6\" data-element_type=\"container\" data-e-type=\"container\">\n\t\t\t\t<div class=\"elementor-element elementor-element-351acd2 elementor-widget__width-initial elementor-widget-mobile__width-inherit elementor-widget elementor-widget-image\" data-id=\"351acd2\" data-element_type=\"widget\" data-e-type=\"widget\" data-widget_type=\"image.default\">\n\t\t\t\t\t\t\t\t\t\t\t\t\t\t\t<img decoding=\"async\" width=\"1548\" height=\"210\" src=\"https:\/\/simposio.vetroluxtintas.com.br\/wp-content\/uploads\/2026\/04\/botao-programacao.png\" class=\"attachment-full size-full wp-image-52\" alt=\"\" srcset=\"https:\/\/simposio.vetroluxtintas.com.br\/wp-content\/uploads\/2026\/04\/botao-programacao.png 1548w, https:\/\/simposio.vetroluxtintas.com.br\/wp-content\/uploads\/2026\/04\/botao-programacao-300x41.png 300w, https:\/\/simposio.vetroluxtintas.com.br\/wp-content\/uploads\/2026\/04\/botao-programacao-1024x139.png 1024w, https:\/\/simposio.vetroluxtintas.com.br\/wp-content\/uploads\/2026\/04\/botao-programacao-768x104.png 768w, https:\/\/simposio.vetroluxtintas.com.br\/wp-content\/uploads\/2026\/04\/botao-programacao-1536x208.png 1536w\" sizes=\"(max-width: 1548px) 100vw, 1548px\" \/>\t\t\t\t\t\t\t\t\t\t\t\t\t\t\t<\/div>\n\t\t\t\t<div class=\"elementor-element elementor-element-579c09b elementor-widget__width-initial elementor-widget elementor-widget-theme-site-logo elementor-widget-image\" data-id=\"579c09b\" data-element_type=\"widget\" data-e-type=\"widget\" data-widget_type=\"theme-site-logo.default\">\n\t\t\t\t\t\t\t\t\t\t\t<a href=\"https:\/\/simposio.vetroluxtintas.com.br\">\n\t\t\t<img fetchpriority=\"high\" decoding=\"async\" width=\"1098\" height=\"432\" src=\"https:\/\/simposio.vetroluxtintas.com.br\/wp-content\/uploads\/2026\/04\/logo-home.png\" class=\"attachment-full size-full wp-image-26\" alt=\"\" srcset=\"https:\/\/simposio.vetroluxtintas.com.br\/wp-content\/uploads\/2026\/04\/logo-home.png 1098w, https:\/\/simposio.vetroluxtintas.com.br\/wp-content\/uploads\/2026\/04\/logo-home-300x118.png 300w, https:\/\/simposio.vetroluxtintas.com.br\/wp-content\/uploads\/2026\/04\/logo-home-1024x403.png 1024w, https:\/\/simposio.vetroluxtintas.com.br\/wp-content\/uploads\/2026\/04\/logo-home-768x302.png 768w\" sizes=\"(max-width: 1098px) 100vw, 1098px\" \/>\t\t\t\t<\/a>\n\t\t\t\t\t\t\t\t\t\t\t<\/div>\n\t\t\t\t<\/div>\n\t\t\t\t<div class=\"elementor-element elementor-element-4cb08f4 elementor-widget elementor-widget-spacer\" data-id=\"4cb08f4\" data-element_type=\"widget\" data-e-type=\"widget\" data-widget_type=\"spacer.default\">\n\t\t\t\t\t\t\t<div class=\"elementor-spacer\">\n\t\t\t<div class=\"elementor-spacer-inner\"><\/div>\n\t\t<\/div>\n\t\t\t\t\t\t<\/div>\n\t\t\t\t\t<\/div>\n\t\t\t\t<\/div>\n\t\t<div class=\"elementor-element elementor-element-658937d e-con-full e-flex e-con e-parent\" data-id=\"658937d\" data-element_type=\"container\" data-e-type=\"container\" data-settings=\"{&quot;background_background&quot;:&quot;classic&quot;}\">\n\t\t<div class=\"elementor-element elementor-element-cf63949 e-con-full e-flex e-con e-child\" data-id=\"cf63949\" data-element_type=\"container\" data-e-type=\"container\">\n\t\t\t\t<div class=\"elementor-element elementor-element-62808ec elementor-widget elementor-widget-image\" data-id=\"62808ec\" data-element_type=\"widget\" data-e-type=\"widget\" data-widget_type=\"image.default\">\n\t\t\t\t\t\t\t\t\t\t\t\t\t\t\t<img decoding=\"async\" width=\"2560\" height=\"629\" src=\"https:\/\/simposio.vetroluxtintas.com.br\/wp-content\/uploads\/2026\/04\/box-rodape-scaled.png\" class=\"attachment-full size-full wp-image-69\" alt=\"\" srcset=\"https:\/\/simposio.vetroluxtintas.com.br\/wp-content\/uploads\/2026\/04\/box-rodape-scaled.png 2560w, https:\/\/simposio.vetroluxtintas.com.br\/wp-content\/uploads\/2026\/04\/box-rodape-300x74.png 300w, https:\/\/simposio.vetroluxtintas.com.br\/wp-content\/uploads\/2026\/04\/box-rodape-1024x252.png 1024w, https:\/\/simposio.vetroluxtintas.com.br\/wp-content\/uploads\/2026\/04\/box-rodape-768x189.png 768w, https:\/\/simposio.vetroluxtintas.com.br\/wp-content\/uploads\/2026\/04\/box-rodape-1536x377.png 1536w, https:\/\/simposio.vetroluxtintas.com.br\/wp-content\/uploads\/2026\/04\/box-rodape-2048x503.png 2048w\" sizes=\"(max-width: 2560px) 100vw, 2560px\" \/>\t\t\t\t\t\t\t\t\t\t\t\t\t\t\t<\/div>\n\t\t\t\t<\/div>\n\t\t\t\t<div class=\"elementor-element elementor-element-bf70f39 elementor-widget__width-initial elementor-widget elementor-widget-theme-site-logo elementor-widget-image\" data-id=\"bf70f39\" data-element_type=\"widget\" data-e-type=\"widget\" data-widget_type=\"theme-site-logo.default\">\n\t\t\t\t\t\t\t\t\t\t\t<a href=\"https:\/\/simposio.vetroluxtintas.com.br\">\n\t\t\t<img fetchpriority=\"high\" decoding=\"async\" width=\"1098\" height=\"432\" src=\"https:\/\/simposio.vetroluxtintas.com.br\/wp-content\/uploads\/2026\/04\/logo-home.png\" class=\"attachment-full size-full wp-image-26\" alt=\"\" srcset=\"https:\/\/simposio.vetroluxtintas.com.br\/wp-content\/uploads\/2026\/04\/logo-home.png 1098w, https:\/\/simposio.vetroluxtintas.com.br\/wp-content\/uploads\/2026\/04\/logo-home-300x118.png 300w, https:\/\/simposio.vetroluxtintas.com.br\/wp-content\/uploads\/2026\/04\/logo-home-1024x403.png 1024w, https:\/\/simposio.vetroluxtintas.com.br\/wp-content\/uploads\/2026\/04\/logo-home-768x302.png 768w\" sizes=\"(max-width: 1098px) 100vw, 1098px\" \/>\t\t\t\t<\/a>\n\t\t\t\t\t\t\t\t\t\t\t<\/div>\n\t\t\t\t<\/div>\n\t\t<div class=\"elementor-element elementor-element-760f96b e-flex e-con-boxed e-con e-parent\" data-id=\"760f96b\" data-element_type=\"container\" data-e-type=\"container\" data-settings=\"{&quot;background_background&quot;:&quot;classic&quot;}\">\n\t\t\t\t\t<div class=\"e-con-inner\">\n\t\t\t\t<div class=\"elementor-element elementor-element-2be98f3 elementor-widget-mobile__width-inherit elementor-widget elementor-widget-text-editor\" data-id=\"2be98f3\" data-element_type=\"widget\" data-e-type=\"widget\" data-widget_type=\"text-editor.default\">\n\t\t\t\t\t\t\t\t\t<p>\u00a9 2026 Vetrolux. Todos os direitos reservados.<br \/>Desenvolvimento: Must Criativa Propaganda.<\/p>\t\t\t\t\t\t\t\t<\/div>\n\t\t\t\t\t<\/div>\n\t\t\t\t<\/div>\n\t\t\t\t<\/div>\n\t\t","protected":false},"excerpt":{"rendered":"<p>21 &#8211; MAIO &#8211; 2026 Hotel Intercity Pindamonhangaba &#8211; SP CONFIRME SUA PRESEN\u00c7A PROGRAMA\u00c7\u00c3O GALERIA DE FOTOS \u00a9 2026 Vetrolux. Todos os direitos reservados.Desenvolvimento: Must Criativa Propaganda.<\/p>\n","protected":false},"author":2,"featured_media":0,"parent":0,"menu_order":0,"comment_status":"closed","ping_status":"closed","template":"elementor_canvas","meta":{"footnotes":""},"class_list":["post-12","page","type-page","status-publish","hentry"],"_links":{"self":[{"href":"https:\/\/simposio.vetroluxtintas.com.br\/index.php?rest_route=\/wp\/v2\/pages\/12","targetHints":{"allow":["GET"]}}],"collection":[{"href":"https:\/\/simposio.vetroluxtintas.com.br\/index.php?rest_route=\/wp\/v2\/pages"}],"about":[{"href":"https:\/\/simposio.vetroluxtintas.com.br\/index.php?rest_route=\/wp\/v2\/types\/page"}],"author":[{"embeddable":true,"href":"https:\/\/simposio.vetroluxtintas.com.br\/index.php?rest_route=\/wp\/v2\/users\/2"}],"replies":[{"embeddable":true,"href":"https:\/\/simposio.vetroluxtintas.com.br\/index.php?rest_route=%2Fwp%2Fv2%2Fcomments&post=12"}],"version-history":[{"count":58,"href":"https:\/\/simposio.vetroluxtintas.com.br\/index.php?rest_route=\/wp\/v2\/pages\/12\/revisions"}],"predecessor-version":[{"id":134,"href":"https:\/\/simposio.vetroluxtintas.com.br\/index.php?rest_route=\/wp\/v2\/pages\/12\/revisions\/134"}],"wp:attachment":[{"href":"https:\/\/simposio.vetroluxtintas.com.br\/index.php?rest_route=%2Fwp%2Fv2%2Fmedia&parent=12"}],"curies":[{"name":"wp","href":"https:\/\/api.w.org\/{rel}","templated":true}]}}